{"id":1260,"date":"2017-03-03T14:45:04","date_gmt":"2017-03-03T14:45:04","guid":{"rendered":"https:\/\/dj-ma-pe.de\/?page_id=1260"},"modified":"2018-04-11T08:14:22","modified_gmt":"2018-04-11T08:14:22","slug":"hochzeitsservice","status":"publish","type":"page","link":"https:\/\/dj-ma-pe.de\/?page_id=1260","title":{"rendered":"Hochzeitsservice"},"content":{"rendered":"<p style=\"text-align: center;\"><strong><span style=\"font-size: 18pt;\">Musik f\u00fcr Ihre Hochzeit<\/span><\/strong>.<br \/>\n<strong><span style=\"font-size: 12pt;\">\u00dcberlassen Sie Ihre Feier nicht dem Zufall, denn Feiern k\u00f6nnen Sie nicht umtauschen!<\/span><\/strong><br \/>\n<span style=\"font-size: 10pt;\">Der musikalische Rahmen Eurer Hochzeitsfeier spielt eine wesentliche Rolle und hat gro\u00dfen Einfluss <\/span><span style=\"font-size: 10pt;\">auf Eure Stimmung und die Eurer G\u00e4ste.<\/span><br \/>\n<span style=\"font-size: 10pt;\">Als erfahrene, versierte Profi DJs f\u00fchren wir Euch und Eure G\u00e4ste nicht nur musikalisch durch den Abend.<\/span><br \/>\n<span style=\"font-size: 10pt;\">Seit vielen Jahren sind wir im Musikgesch\u00e4ft t\u00e4tig und verstehen es, <\/span><br \/>\n<span style=\"font-size: 10pt;\">Euch und Eure Hochzeitsg\u00e4ste mit unserem Musikmix zu begeistern.<\/span><br \/>\n<span style=\"font-size: 10pt;\">Von der Teatime bis zur Hochzeitsnacht sorgen wir f\u00fcr die passende Musik, <\/span><br \/>\n<span style=\"font-size: 10pt;\">die richtige Unterhaltung und eine angemessene Stimmung. <\/span><br \/>\n<span style=\"font-size: 10pt;\">Gern \u00fcbernehmen wir bei Aktionen und Spielen Eurer G\u00e4ste die Moderation.<\/span><br \/>\n<span style=\"font-size: 10pt;\">Im Vorfeld stimmen wir gemeinsam mit Euch den Verlauf und die Musik (Musikwunschliste) f\u00fcr Eure Feier ab.<\/span><br \/>\n<span style=\"font-size: 10pt;\">Auch w\u00e4hrend Ihrer Hochzeitsfeier gehen wir auf Euch, auf Eure W\u00fcnsche, <\/span><br \/>\n<span style=\"font-size: 10pt;\">Anregungen und Hinweise ein und passen unser Programm darauf an.<\/span><\/p>\n<p style=\"text-align: center;\"><img loading=\"lazy\" decoding=\"async\" class=\"alignnone wp-image-2947 size-full\" src=\"https:\/\/dj-ma-pe.de\/wp-content\/uploads\/2017\/03\/banner.jpg\" width=\"950\" height=\"214\" srcset=\"https:\/\/dj-ma-pe.de\/wp-content\/uploads\/2017\/03\/banner.jpg 950w, https:\/\/dj-ma-pe.de\/wp-content\/uploads\/2017\/03\/banner-300x68.jpg 300w, https:\/\/dj-ma-pe.de\/wp-content\/uploads\/2017\/03\/banner-768x173.jpg 768w\" sizes=\"auto, (max-width: 767px) 89vw, (max-width: 1000px) 54vw, (max-width: 1071px) 543px, 580px\" \/><\/p>\n<p style=\"text-align: center;\"><span style=\"font-size: 10pt;\">Profitieren Sie von meiner \u00fcber zwei Jahrzehnte langen Berufserfahrung als professioneller Hochzeits-DJ<\/span><br \/>\n<span style=\"font-size: 10pt;\">auf anderen Feierlichkeiten auf der Insel R\u00fcgen, in Stralsund und Mecklenburg-Vorpommern. <\/span><br \/>\n<span style=\"font-size: 10pt;\">Meine Liebe zur Musik und die Freude an meiner Arbeit als DJ und Alleinunterhalter sind f\u00fcr Sie Garant <\/span><br \/>\n<span style=\"font-size: 10pt;\">f\u00fcr tolle Unterhaltung und super Stimmung. Ihre G\u00e4ste werden noch lange von Ihrer gelungenen Feier schw\u00e4rmen.<\/span><\/p>\n<p style=\"text-align: center;\"><span style=\"font-size: 10pt;\">Im Repertoire befinden sich Party-Klassiker, Deutscher Fox, Charts, R\u2019n\u2019B, 70er, 80er, 90er&nbsp;<\/span><br \/>\n<span style=\"font-size: 10pt;\">Trance, Rock, Funk, Soul sowie Standard (Walzer, Jive, Samba, etc) <\/span><br \/>\n<span style=\"font-size: 10pt;\">alles tanzbar f\u00fcr j\u00fcngere und \u00e4ltere G\u00e4ste. Gerne erf\u00fclle ich all Ihre Musikw\u00fcnsche und stelle <\/span><br \/>\n<span style=\"font-size: 10pt;\">mit Ihnen einen individuellen musikalischen Rahmen zusammen. <\/span><br \/>\n<span style=\"font-size: 10pt;\">Dezente Moderationen und\/oder Animationen sind nat\u00fcrlich inklusive. <\/span><br \/>\n<span style=\"font-size: 10pt;\">F\u00fcr Ihren Musikgenuss kommt Hochwertige Veranstaltungstechnik zum Einsatz <\/span><br \/>\n<span style=\"font-size: 10pt;\">ganz gleich ob Sie mit 13 oder 130 Personen feiern.<\/span><\/p>\n<p style=\"text-align: center;\"><strong>Ihre Vorteile auf einen Blick:<\/strong><br \/>\n&#8211; Profi-DJ in gepflegter Kleidung,<br \/>\n&#8211; faires Preis-\/Leistungsverh\u00e4ltnis,<br \/>\n&#8211; langj\u00e4hrige Berufserfahrung als DJ &amp;Alleinunterhalter,<br \/>\n&#8211; Moderation, Unterhaltung und Spiele nach Ihren Vorstellungen,<br \/>\n&#8211; Konzepte und W\u00fcnsche werden vorab mit Ihnen besprochen.<\/p>\n<p style=\"text-align: center;\"><strong>Diverse Zusatzangebote rund um Ihre Hochzeit.<\/strong><br \/>\n&#8211; Kinderanimation &amp; Kinderbetreuung<br \/>\n&#8211; Luftballonservice<br \/>\n&#8211; Diverse Hochzeitsspiele und Utensilien<br \/>\n&#8211; H\u00fcpfburg Verleih<br \/>\n&#8211; Lustige Fotobox<br \/>\n&#8211; Zelt und Biertischgarnitur Verleih<\/p>\n<p style=\"text-align: center;\"><img loading=\"lazy\" decoding=\"async\" class=\"alignnone wp-image-2915\" src=\"https:\/\/dj-ma-pe.de\/wp-content\/uploads\/2017\/03\/Flyer-Datenblatt-Hochzeitsservice-hinten-1024x730.jpg\" width=\"720\" height=\"514\" srcset=\"https:\/\/dj-ma-pe.de\/wp-content\/uploads\/2017\/03\/Flyer-Datenblatt-Hochzeitsservice-hinten-1024x730.jpg 1024w, https:\/\/dj-ma-pe.de\/wp-content\/uploads\/2017\/03\/Flyer-Datenblatt-Hochzeitsservice-hinten-300x214.jpg 300w, https:\/\/dj-ma-pe.de\/wp-content\/uploads\/2017\/03\/Flyer-Datenblatt-Hochzeitsservice-hinten-768x548.jpg 768w, https:\/\/dj-ma-pe.de\/wp-content\/uploads\/2017\/03\/Flyer-Datenblatt-Hochzeitsservice-hinten.jpg 1772w\" sizes=\"auto, (max-width: 720px) 100vw, 720px\" \/><\/p>\n<p style=\"text-align: center;\"><strong>Neu:<\/strong> Individuelle Lasershow zur Hochzeit (auf das Brautpaar zugeschnitten)&nbsp;&nbsp;<\/p>\n<p><img loading=\"lazy\" decoding=\"async\" class=\"size-large wp-image-2984 aligncenter\" src=\"https:\/\/dj-ma-pe.de\/wp-content\/uploads\/2018\/04\/Lasershow-1-1024x770.jpg\" alt=\"\" width=\"525\" height=\"395\"><\/p>\n<p style=\"text-align: center;\"><strong>Neu:<\/strong> Die Fotobox, der Partyspa\u00df auf jeder Hochzeit (nicht nur f\u00fcr Kids)<\/p>\n<p><img loading=\"lazy\" decoding=\"async\" class=\"size-large wp-image-2986 aligncenter\" src=\"https:\/\/dj-ma-pe.de\/wp-content\/uploads\/2018\/04\/fotoboxbeschreibung-724x1024.jpg\" alt=\"\" width=\"525\" height=\"743\" srcset=\"https:\/\/dj-ma-pe.de\/wp-content\/uploads\/2018\/04\/fotoboxbeschreibung-724x1024.jpg 724w, https:\/\/dj-ma-pe.de\/wp-content\/uploads\/2018\/04\/fotoboxbeschreibung-212x300.jpg 212w, https:\/\/dj-ma-pe.de\/wp-content\/uploads\/2018\/04\/fotoboxbeschreibung-768x1086.jpg 768w\" sizes=\"auto, (max-width: 525px) 100vw, 525px\" \/><\/p>\n","protected":false},"excerpt":{"rendered":"<p>Musik f\u00fcr Ihre Hochzeit. \u00dcberlassen Sie Ihre Feier nicht dem Zufall, denn Feiern k\u00f6nnen Sie nicht umtauschen! Der musikalische Rahmen Eurer Hochzeitsfeier spielt eine wesentliche Rolle und hat gro\u00dfen Einfluss auf Eure Stimmung und die Eurer G\u00e4ste. Als erfahrene, versierte Profi DJs f\u00fchren wir Euch und Eure G\u00e4ste nicht nur musikalisch durch den Abend. Seit &hellip; <\/p>\n<p class=\"link-more\"><a href=\"https:\/\/dj-ma-pe.de\/?page_id=1260\" class=\"more-link\"><span class=\"screen-reader-text\">\u201eHochzeitsservice\u201c <\/span>weiterlesen<\/a><\/p>\n","protected":false},"author":1,"featured_media":0,"parent":0,"menu_order":0,"comment_status":"closed","ping_status":"closed","template":"","meta":{"ngg_post_thumbnail":0,"footnotes":""},"class_list":["post-1260","page","type-page","status-publish","hentry"],"_links":{"self":[{"href":"https:\/\/dj-ma-pe.de\/index.php?rest_route=\/wp\/v2\/pages\/1260","targetHints":{"allow":["GET"]}}],"collection":[{"href":"https:\/\/dj-ma-pe.de\/index.php?rest_route=\/wp\/v2\/pages"}],"about":[{"href":"https:\/\/dj-ma-pe.de\/index.php?rest_route=\/wp\/v2\/types\/page"}],"author":[{"embeddable":true,"href":"https:\/\/dj-ma-pe.de\/index.php?rest_route=\/wp\/v2\/users\/1"}],"replies":[{"embeddable":true,"href":"https:\/\/dj-ma-pe.de\/index.php?rest_route=%2Fwp%2Fv2%2Fcomments&post=1260"}],"version-history":[{"count":6,"href":"https:\/\/dj-ma-pe.de\/index.php?rest_route=\/wp\/v2\/pages\/1260\/revisions"}],"predecessor-version":[{"id":2987,"href":"https:\/\/dj-ma-pe.de\/index.php?rest_route=\/wp\/v2\/pages\/1260\/revisions\/2987"}],"wp:attachment":[{"href":"https:\/\/dj-ma-pe.de\/index.php?rest_route=%2Fwp%2Fv2%2Fmedia&parent=1260"}],"curies":[{"name":"wp","href":"https:\/\/api.w.org\/{rel}","templated":true}]}}