{"id":4,"date":"2016-02-12T07:54:41","date_gmt":"2016-02-12T07:54:41","guid":{"rendered":"http:\/\/demos.famethemes.com\/onepress\/?page_id=4"},"modified":"2017-03-03T16:00:30","modified_gmt":"2017-03-03T16:00:30","slug":"home","status":"publish","type":"page","link":"https:\/\/dj-ma-pe.de\/","title":{"rendered":"Willkommen auf der Seite von DJ MA-PE Entertainment."},"content":{"rendered":"<h2>Sehr geehrte Damen und Herren,<\/h2>\n<p>wir m\u00f6chten Ihnen unsere Leistungen wie zum Beispiel<\/p>\n<ul>\n<li>Dj Mape live &#8211; Partyschlager und Co,<\/li>\n<li>Kinderprogramm Clown Maxxx,<\/li>\n<li>Mobile Disco,<\/li>\n<li>Veranstaltundtechnik<\/li>\n<li>DJ und Hochzeitsservice<\/li>\n<\/ul>\n<p>vorstellen.<\/p>\n<p>Ganz gleich ob Kurplatzveranstaltungen, Gemeinde- o. Stadtfeste, Promotion Veranstaltungen, Kinderparty\u00b4s, Abendveranstaltungen, Hochzeiten, oder private Feste.<br \/>\nWir erstellen Showprogramme, die sich genau auf das Thema Ihres Events<br \/>\nabstimmen lassen und ganz ihren Vorstellungen entsprechen, damit Ihr Event ein voller Erfolg wird!<\/p>\n<p>Mit unseren professionellen Programmen k\u00f6nnen wir Ihnen eine kurze Show oder ein komplett ausgedehntes Showprogramm anbieten. Unser K\u00fcnstler-Team begeistern Ihre G\u00e4ste in ganzer Vielfalt.<\/p>\n<p>Wir w\u00fcrden uns freuen, Sie gut zu Unterhalten!<\/p>\n<p>Dj. Mape Eventservice<br \/>\nMarko Pester<\/p>\n<p>&nbsp;<\/p>\n","protected":false},"excerpt":{"rendered":"<p>Sehr geehrte Damen und Herren, wir m\u00f6chten Ihnen unsere Leistungen wie zum Beispiel Dj Mape live &#8211; Partyschlager und Co, Kinderprogramm Clown Maxxx, Mobile Disco, Veranstaltundtechnik DJ und Hochzeitsservice vorstellen. Ganz gleich ob Kurplatzveranstaltungen, Gemeinde- o. Stadtfeste, Promotion Veranstaltungen, Kinderparty\u00b4s, Abendveranstaltungen, Hochzeiten, oder private Feste. Wir erstellen Showprogramme, die sich genau auf das Thema Ihres &hellip; <\/p>\n<p class=\"link-more\"><a href=\"https:\/\/dj-ma-pe.de\/\" class=\"more-link\"><span class=\"screen-reader-text\">\u201eWillkommen auf der Seite von DJ MA-PE Entertainment.\u201c <\/span>weiterlesen<\/a><\/p>\n","protected":false},"author":1,"featured_media":0,"parent":0,"menu_order":0,"comment_status":"closed","ping_status":"closed","template":"","meta":{"ngg_post_thumbnail":0,"footnotes":""},"class_list":["post-4","page","type-page","status-publish","hentry"],"_links":{"self":[{"href":"https:\/\/dj-ma-pe.de\/index.php?rest_route=\/wp\/v2\/pages\/4","targetHints":{"allow":["GET"]}}],"collection":[{"href":"https:\/\/dj-ma-pe.de\/index.php?rest_route=\/wp\/v2\/pages"}],"about":[{"href":"https:\/\/dj-ma-pe.de\/index.php?rest_route=\/wp\/v2\/types\/page"}],"author":[{"embeddable":true,"href":"https:\/\/dj-ma-pe.de\/index.php?rest_route=\/wp\/v2\/users\/1"}],"replies":[{"embeddable":true,"href":"https:\/\/dj-ma-pe.de\/index.php?rest_route=%2Fwp%2Fv2%2Fcomments&post=4"}],"version-history":[{"count":6,"href":"https:\/\/dj-ma-pe.de\/index.php?rest_route=\/wp\/v2\/pages\/4\/revisions"}],"predecessor-version":[{"id":1318,"href":"https:\/\/dj-ma-pe.de\/index.php?rest_route=\/wp\/v2\/pages\/4\/revisions\/1318"}],"wp:attachment":[{"href":"https:\/\/dj-ma-pe.de\/index.php?rest_route=%2Fwp%2Fv2%2Fmedia&parent=4"}],"curies":[{"name":"wp","href":"https:\/\/api.w.org\/{rel}","templated":true}]}}